{"id":2696,"date":"2024-07-27T15:53:26","date_gmt":"2024-07-27T13:53:26","guid":{"rendered":"https:\/\/institutoantares.com\/wordpress\/?page_id=2696"},"modified":"2024-08-08T16:32:21","modified_gmt":"2024-08-08T14:32:21","slug":"galeria","status":"publish","type":"page","link":"https:\/\/institutoantares.com\/wordpress\/galeria\/","title":{"rendered":"Galer\u00eda de fotos"},"content":{"rendered":"\t\t<div data-elementor-type=\"wp-page\" data-elementor-id=\"2696\" class=\"elementor elementor-2696\">\n\t\t\t\t<div class=\"elementor-element elementor-element-dcfb448 e-flex e-con-boxed e-con e-parent\" data-id=\"dcfb448\" data-element_type=\"container\" data-e-type=\"container\" data-settings=\"{&quot;background_background&quot;:&quot;classic&quot;}\">\n\t\t\t\t\t<div class=\"e-con-inner\">\n\t\t<div class=\"elementor-element elementor-element-d21b7e0 e-flex e-con-boxed e-con e-child\" data-id=\"d21b7e0\" data-element_type=\"container\" data-e-type=\"container\">\n\t\t\t\t\t<div class=\"e-con-inner\">\n\t\t\t\t<div class=\"elementor-element elementor-element-e9fd9dc elementor-widget elementor-widget-heading\" data-id=\"e9fd9dc\" data-element_type=\"widget\" data-e-type=\"widget\" data-widget_type=\"heading.default\">\n\t\t\t\t<div class=\"elementor-widget-container\">\n\t\t\t\t\t<h1 class=\"elementor-heading-title elementor-size-default\">Galer\u00eda de fotos<\/h1>\t\t\t\t<\/div>\n\t\t\t\t<\/div>\n\t\t\t\t\t<\/div>\n\t\t\t\t<\/div>\n\t\t\t\t\t<\/div>\n\t\t\t\t<\/div>\n\t\t<div class=\"elementor-element elementor-element-500861b e-flex e-con-boxed e-con e-parent\" data-id=\"500861b\" data-element_type=\"container\" data-e-type=\"container\">\n\t\t\t\t\t<div class=\"e-con-inner\">\n\t\t<div class=\"elementor-element elementor-element-7dbc6fb e-con-full e-flex e-con e-child\" data-id=\"7dbc6fb\" data-element_type=\"container\" data-e-type=\"container\">\n\t\t\t\t<div class=\"elementor-element elementor-element-60ee664 elementor-widget elementor-widget-text-editor\" data-id=\"60ee664\" data-element_type=\"widget\" data-e-type=\"widget\" data-widget_type=\"text-editor.default\">\n\t\t\t\t<div class=\"elementor-widget-container\">\n\t\t\t\t\t\t\t\t\t<p>En Instituto Antares en Palma de Mallorca, creemos en la importancia de compartir y celebrar los momentos significativos que vivimos juntos. Nuestra galer\u00eda de fotos es un espacio dedicado a mostrar los eventos, talleres, y actividades que realizamos, ofreciendo una ventana abierta a nuestro mundo y al impacto positivo que buscamos generar en la vida de las personas.<\/p>\t\t\t\t\t\t\t\t<\/div>\n\t\t\t\t<\/div>\n\t\t\t\t<div class=\"elementor-element elementor-element-150fc55 gallery-spacing-custom elementor-widget elementor-widget-image-gallery\" data-id=\"150fc55\" data-element_type=\"widget\" data-e-type=\"widget\" data-widget_type=\"image-gallery.default\">\n\t\t\t\t<div class=\"elementor-widget-container\">\n\t\t\t\t\t\t\t<div class=\"elementor-image-gallery\">\n\t\t\t<div id='gallery-1' class='gallery galleryid-2696 gallery-columns-4 gallery-size-thumbnail'><figure class='gallery-item'>\n\t\t\t<div class='gallery-icon portrait'>\n\t\t\t\t<a data-elementor-open-lightbox=\"yes\" data-elementor-lightbox-slideshow=\"150fc55\" data-elementor-lightbox-title=\"instituto antares\" data-e-action-hash=\"#elementor-action%3Aaction%3Dlightbox%26settings%3DeyJpZCI6MjAyNSwidXJsIjoiaHR0cHM6XC9cL2luc3RpdHV0b2FudGFyZXMuY29tXC93b3JkcHJlc3NcL3dwLWNvbnRlbnRcL3VwbG9hZHNcLzIwMTdcLzEyXC9pbnN0aXR1dG8tYW50YXJlcy0xLTEuanBnIiwic2xpZGVzaG93IjoiMTUwZmM1NSJ9\" href='https:\/\/institutoantares.com\/wordpress\/wp-content\/uploads\/2017\/12\/instituto-antares-1-1.jpg'><img decoding=\"async\" width=\"200\" height=\"200\" src=\"https:\/\/institutoantares.com\/wordpress\/wp-content\/uploads\/2017\/12\/instituto-antares-1-1-200x200.jpg\" class=\"attachment-thumbnail size-thumbnail\" alt=\"instituto antares\" \/><\/a>\n\t\t\t<\/div><\/figure><figure class='gallery-item'>\n\t\t\t<div class='gallery-icon portrait'>\n\t\t\t\t<a data-elementor-open-lightbox=\"yes\" data-elementor-lightbox-slideshow=\"150fc55\" data-elementor-lightbox-title=\"instituto antares\" data-e-action-hash=\"#elementor-action%3Aaction%3Dlightbox%26settings%3DeyJpZCI6MjAyNywidXJsIjoiaHR0cHM6XC9cL2luc3RpdHV0b2FudGFyZXMuY29tXC93b3JkcHJlc3NcL3dwLWNvbnRlbnRcL3VwbG9hZHNcLzIwMTdcLzEyXC9pbnN0aXR1dG8tYW50YXJlcy0zLmpwZyIsInNsaWRlc2hvdyI6IjE1MGZjNTUifQ%3D%3D\" href='https:\/\/institutoantares.com\/wordpress\/wp-content\/uploads\/2017\/12\/instituto-antares-3.jpg'><img decoding=\"async\" width=\"200\" height=\"200\" src=\"https:\/\/institutoantares.com\/wordpress\/wp-content\/uploads\/2017\/12\/instituto-antares-3-200x200.jpg\" class=\"attachment-thumbnail size-thumbnail\" alt=\"instituto antares\" \/><\/a>\n\t\t\t<\/div><\/figure><figure class='gallery-item'>\n\t\t\t<div class='gallery-icon landscape'>\n\t\t\t\t<a data-elementor-open-lightbox=\"yes\" data-elementor-lightbox-slideshow=\"150fc55\" data-elementor-lightbox-title=\"instituto antares\" data-e-action-hash=\"#elementor-action%3Aaction%3Dlightbox%26settings%3DeyJpZCI6MjAyNiwidXJsIjoiaHR0cHM6XC9cL2luc3RpdHV0b2FudGFyZXMuY29tXC93b3JkcHJlc3NcL3dwLWNvbnRlbnRcL3VwbG9hZHNcLzIwMTdcLzEyXC9pbnN0aXR1dG8tYW50YXJlcy0yLTEuanBnIiwic2xpZGVzaG93IjoiMTUwZmM1NSJ9\" href='https:\/\/institutoantares.com\/wordpress\/wp-content\/uploads\/2017\/12\/instituto-antares-2-1.jpg'><img decoding=\"async\" width=\"200\" height=\"200\" src=\"https:\/\/institutoantares.com\/wordpress\/wp-content\/uploads\/2017\/12\/instituto-antares-2-1-200x200.jpg\" class=\"attachment-thumbnail size-thumbnail\" alt=\"instituto antares\" \/><\/a>\n\t\t\t<\/div><\/figure><figure class='gallery-item'>\n\t\t\t<div class='gallery-icon landscape'>\n\t\t\t\t<a data-elementor-open-lightbox=\"yes\" data-elementor-lightbox-slideshow=\"150fc55\" data-elementor-lightbox-title=\"instituto antares\" data-e-action-hash=\"#elementor-action%3Aaction%3Dlightbox%26settings%3DeyJpZCI6MjAyOCwidXJsIjoiaHR0cHM6XC9cL2luc3RpdHV0b2FudGFyZXMuY29tXC93b3JkcHJlc3NcL3dwLWNvbnRlbnRcL3VwbG9hZHNcLzIwMTdcLzEyXC9pbnN0aXR1dG8tYW50YXJlcy00LmpwZyIsInNsaWRlc2hvdyI6IjE1MGZjNTUifQ%3D%3D\" href='https:\/\/institutoantares.com\/wordpress\/wp-content\/uploads\/2017\/12\/instituto-antares-4.jpg'><img loading=\"lazy\" decoding=\"async\" width=\"200\" height=\"200\" src=\"https:\/\/institutoantares.com\/wordpress\/wp-content\/uploads\/2017\/12\/instituto-antares-4-200x200.jpg\" class=\"attachment-thumbnail size-thumbnail\" alt=\"instituto antares\" \/><\/a>\n\t\t\t<\/div><\/figure><figure class='gallery-item'>\n\t\t\t<div class='gallery-icon portrait'>\n\t\t\t\t<a data-elementor-open-lightbox=\"yes\" data-elementor-lightbox-slideshow=\"150fc55\" data-elementor-lightbox-title=\"instituto antares\" data-e-action-hash=\"#elementor-action%3Aaction%3Dlightbox%26settings%3DeyJpZCI6MjAyOSwidXJsIjoiaHR0cHM6XC9cL2luc3RpdHV0b2FudGFyZXMuY29tXC93b3JkcHJlc3NcL3dwLWNvbnRlbnRcL3VwbG9hZHNcLzIwMTdcLzEyXC9pbnN0aXR1dG8tYW50YXJlcy01LmpwZyIsInNsaWRlc2hvdyI6IjE1MGZjNTUifQ%3D%3D\" href='https:\/\/institutoantares.com\/wordpress\/wp-content\/uploads\/2017\/12\/instituto-antares-5.jpg'><img loading=\"lazy\" decoding=\"async\" width=\"200\" height=\"200\" src=\"https:\/\/institutoantares.com\/wordpress\/wp-content\/uploads\/2017\/12\/instituto-antares-5-200x200.jpg\" class=\"attachment-thumbnail size-thumbnail\" alt=\"instituto antares\" \/><\/a>\n\t\t\t<\/div><\/figure><figure class='gallery-item'>\n\t\t\t<div class='gallery-icon landscape'>\n\t\t\t\t<a data-elementor-open-lightbox=\"yes\" data-elementor-lightbox-slideshow=\"150fc55\" data-elementor-lightbox-title=\"instituto antares\" data-e-action-hash=\"#elementor-action%3Aaction%3Dlightbox%26settings%3DeyJpZCI6MjAzMCwidXJsIjoiaHR0cHM6XC9cL2luc3RpdHV0b2FudGFyZXMuY29tXC93b3JkcHJlc3NcL3dwLWNvbnRlbnRcL3VwbG9hZHNcLzIwMTdcLzEyXC9pbnN0aXR1dG8tYW50YXJlcy02LmpwZyIsInNsaWRlc2hvdyI6IjE1MGZjNTUifQ%3D%3D\" href='https:\/\/institutoantares.com\/wordpress\/wp-content\/uploads\/2017\/12\/instituto-antares-6.jpg'><img loading=\"lazy\" decoding=\"async\" width=\"200\" height=\"200\" src=\"https:\/\/institutoantares.com\/wordpress\/wp-content\/uploads\/2017\/12\/instituto-antares-6-200x200.jpg\" class=\"attachment-thumbnail size-thumbnail\" alt=\"instituto antares\" \/><\/a>\n\t\t\t<\/div><\/figure><figure class='gallery-item'>\n\t\t\t<div class='gallery-icon landscape'>\n\t\t\t\t<a data-elementor-open-lightbox=\"yes\" data-elementor-lightbox-slideshow=\"150fc55\" data-elementor-lightbox-title=\"instituto antares\" data-e-action-hash=\"#elementor-action%3Aaction%3Dlightbox%26settings%3DeyJpZCI6MjAzMSwidXJsIjoiaHR0cHM6XC9cL2luc3RpdHV0b2FudGFyZXMuY29tXC93b3JkcHJlc3NcL3dwLWNvbnRlbnRcL3VwbG9hZHNcLzIwMTdcLzEyXC9pbnN0aXR1dG8tYW50YXJlcy03LmpwZyIsInNsaWRlc2hvdyI6IjE1MGZjNTUifQ%3D%3D\" href='https:\/\/institutoantares.com\/wordpress\/wp-content\/uploads\/2017\/12\/instituto-antares-7.jpg'><img loading=\"lazy\" decoding=\"async\" width=\"200\" height=\"200\" src=\"https:\/\/institutoantares.com\/wordpress\/wp-content\/uploads\/2017\/12\/instituto-antares-7-200x200.jpg\" class=\"attachment-thumbnail size-thumbnail\" alt=\"instituto antares\" \/><\/a>\n\t\t\t<\/div><\/figure><figure class='gallery-item'>\n\t\t\t<div class='gallery-icon landscape'>\n\t\t\t\t<a data-elementor-open-lightbox=\"yes\" data-elementor-lightbox-slideshow=\"150fc55\" data-elementor-lightbox-title=\"instituto antares\" data-e-action-hash=\"#elementor-action%3Aaction%3Dlightbox%26settings%3DeyJpZCI6MjAzMiwidXJsIjoiaHR0cHM6XC9cL2luc3RpdHV0b2FudGFyZXMuY29tXC93b3JkcHJlc3NcL3dwLWNvbnRlbnRcL3VwbG9hZHNcLzIwMTdcLzEyXC9pbnN0aXR1dG8tYW50YXJlcy04LmpwZyIsInNsaWRlc2hvdyI6IjE1MGZjNTUifQ%3D%3D\" href='https:\/\/institutoantares.com\/wordpress\/wp-content\/uploads\/2017\/12\/instituto-antares-8.jpg'><img loading=\"lazy\" decoding=\"async\" width=\"200\" height=\"200\" src=\"https:\/\/institutoantares.com\/wordpress\/wp-content\/uploads\/2017\/12\/instituto-antares-8-200x200.jpg\" class=\"attachment-thumbnail size-thumbnail\" alt=\"instituto antares\" \/><\/a>\n\t\t\t<\/div><\/figure><figure class='gallery-item'>\n\t\t\t<div class='gallery-icon landscape'>\n\t\t\t\t<a data-elementor-open-lightbox=\"yes\" data-elementor-lightbox-slideshow=\"150fc55\" data-elementor-lightbox-title=\"instituto antares\" data-e-action-hash=\"#elementor-action%3Aaction%3Dlightbox%26settings%3DeyJpZCI6MjAzNCwidXJsIjoiaHR0cHM6XC9cL2luc3RpdHV0b2FudGFyZXMuY29tXC93b3JkcHJlc3NcL3dwLWNvbnRlbnRcL3VwbG9hZHNcLzIwMTdcLzEyXC9pbnN0aXR1dG8tYW50YXJlcy0xMC5qcGciLCJzbGlkZXNob3ciOiIxNTBmYzU1In0%3D\" href='https:\/\/institutoantares.com\/wordpress\/wp-content\/uploads\/2017\/12\/instituto-antares-10.jpg'><img loading=\"lazy\" decoding=\"async\" width=\"200\" height=\"200\" src=\"https:\/\/institutoantares.com\/wordpress\/wp-content\/uploads\/2017\/12\/instituto-antares-10-200x200.jpg\" class=\"attachment-thumbnail size-thumbnail\" alt=\"instituto antares\" \/><\/a>\n\t\t\t<\/div><\/figure><figure class='gallery-item'>\n\t\t\t<div class='gallery-icon landscape'>\n\t\t\t\t<a data-elementor-open-lightbox=\"yes\" data-elementor-lightbox-slideshow=\"150fc55\" data-elementor-lightbox-title=\"instituto antares (9)\" data-e-action-hash=\"#elementor-action%3Aaction%3Dlightbox%26settings%3DeyJpZCI6MjAzMywidXJsIjoiaHR0cHM6XC9cL2luc3RpdHV0b2FudGFyZXMuY29tXC93b3JkcHJlc3NcL3dwLWNvbnRlbnRcL3VwbG9hZHNcLzIwMTdcLzEyXC9pbnN0aXR1dG8tYW50YXJlcy05LmpwZyIsInNsaWRlc2hvdyI6IjE1MGZjNTUifQ%3D%3D\" href='https:\/\/institutoantares.com\/wordpress\/wp-content\/uploads\/2017\/12\/instituto-antares-9.jpg'><img loading=\"lazy\" decoding=\"async\" width=\"200\" height=\"200\" src=\"https:\/\/institutoantares.com\/wordpress\/wp-content\/uploads\/2017\/12\/instituto-antares-9-200x200.jpg\" class=\"attachment-thumbnail size-thumbnail\" alt=\"\" \/><\/a>\n\t\t\t<\/div><\/figure><figure class='gallery-item'>\n\t\t\t<div class='gallery-icon landscape'>\n\t\t\t\t<a data-elementor-open-lightbox=\"yes\" data-elementor-lightbox-slideshow=\"150fc55\" data-elementor-lightbox-title=\"instituto antares\" data-e-action-hash=\"#elementor-action%3Aaction%3Dlightbox%26settings%3DeyJpZCI6MjAzNSwidXJsIjoiaHR0cHM6XC9cL2luc3RpdHV0b2FudGFyZXMuY29tXC93b3JkcHJlc3NcL3dwLWNvbnRlbnRcL3VwbG9hZHNcLzIwMTdcLzEyXC9pbnN0aXR1dG8tYW50YXJlcy0xMS5qcGciLCJzbGlkZXNob3ciOiIxNTBmYzU1In0%3D\" href='https:\/\/institutoantares.com\/wordpress\/wp-content\/uploads\/2017\/12\/instituto-antares-11.jpg'><img loading=\"lazy\" decoding=\"async\" width=\"200\" height=\"200\" src=\"https:\/\/institutoantares.com\/wordpress\/wp-content\/uploads\/2017\/12\/instituto-antares-11-200x200.jpg\" class=\"attachment-thumbnail size-thumbnail\" alt=\"instituto antares\" \/><\/a>\n\t\t\t<\/div><\/figure><figure class='gallery-item'>\n\t\t\t<div class='gallery-icon portrait'>\n\t\t\t\t<a data-elementor-open-lightbox=\"yes\" data-elementor-lightbox-slideshow=\"150fc55\" data-elementor-lightbox-title=\"instituto antares\" data-e-action-hash=\"#elementor-action%3Aaction%3Dlightbox%26settings%3DeyJpZCI6MjAzNiwidXJsIjoiaHR0cHM6XC9cL2luc3RpdHV0b2FudGFyZXMuY29tXC93b3JkcHJlc3NcL3dwLWNvbnRlbnRcL3VwbG9hZHNcLzIwMTdcLzEyXC9pbnN0aXR1dG8tYW50YXJlcy0xMi5qcGciLCJzbGlkZXNob3ciOiIxNTBmYzU1In0%3D\" href='https:\/\/institutoantares.com\/wordpress\/wp-content\/uploads\/2017\/12\/instituto-antares-12.jpg'><img loading=\"lazy\" decoding=\"async\" width=\"200\" height=\"200\" src=\"https:\/\/institutoantares.com\/wordpress\/wp-content\/uploads\/2017\/12\/instituto-antares-12-200x200.jpg\" class=\"attachment-thumbnail size-thumbnail\" alt=\"instituto antares\" \/><\/a>\n\t\t\t<\/div><\/figure><figure class='gallery-item'>\n\t\t\t<div class='gallery-icon landscape'>\n\t\t\t\t<a data-elementor-open-lightbox=\"yes\" data-elementor-lightbox-slideshow=\"150fc55\" data-elementor-lightbox-title=\"Johannes Beckmann\" data-e-action-hash=\"#elementor-action%3Aaction%3Dlightbox%26settings%3DeyJpZCI6MTYwMywidXJsIjoiaHR0cHM6XC9cL2luc3RpdHV0b2FudGFyZXMuY29tXC93b3JkcHJlc3NcL3dwLWNvbnRlbnRcL3VwbG9hZHNcLzIwMTFcLzA1XC9TQU1fNzU1Mi5qcGciLCJzbGlkZXNob3ciOiIxNTBmYzU1In0%3D\" data-elementor-lightbox-description=\"En la consulta de Palma\" href='https:\/\/institutoantares.com\/wordpress\/wp-content\/uploads\/2011\/05\/SAM_7552.jpg'><img loading=\"lazy\" decoding=\"async\" width=\"200\" height=\"200\" src=\"https:\/\/institutoantares.com\/wordpress\/wp-content\/uploads\/2011\/05\/SAM_7552-200x200.jpg\" class=\"attachment-thumbnail size-thumbnail\" alt=\"\" \/><\/a>\n\t\t\t<\/div><\/figure><figure class='gallery-item'>\n\t\t\t<div class='gallery-icon landscape'>\n\t\t\t\t<a data-elementor-open-lightbox=\"yes\" data-elementor-lightbox-slideshow=\"150fc55\" data-elementor-lightbox-title=\"Dr.Johannes Beckmann\" data-e-action-hash=\"#elementor-action%3Aaction%3Dlightbox%26settings%3DeyJpZCI6MTU5OSwidXJsIjoiaHR0cHM6XC9cL2luc3RpdHV0b2FudGFyZXMuY29tXC93b3JkcHJlc3NcL3dwLWNvbnRlbnRcL3VwbG9hZHNcLzIwMTFcLzA1XC9Eci4tQmVja21hbm4uanBnIiwic2xpZGVzaG93IjoiMTUwZmM1NSJ9\" data-elementor-lightbox-description=\"En la consulta de Palma\" href='https:\/\/institutoantares.com\/wordpress\/wp-content\/uploads\/2011\/05\/Dr.-Beckmann.jpg'><img loading=\"lazy\" decoding=\"async\" width=\"200\" height=\"200\" src=\"https:\/\/institutoantares.com\/wordpress\/wp-content\/uploads\/2011\/05\/Dr.-Beckmann-200x200.jpg\" class=\"attachment-thumbnail size-thumbnail\" alt=\"\" \/><\/a>\n\t\t\t<\/div><\/figure>\n\t\t<\/div>\n\t\t<\/div>\n\t\t\t\t\t\t<\/div>\n\t\t\t\t<\/div>\n\t\t\t\t<\/div>\n\t\t\t\t\t<\/div>\n\t\t\t\t<\/div>\n\t\t<div class=\"elementor-element elementor-element-b13e732 e-flex e-con-boxed e-con e-parent\" data-id=\"b13e732\" data-element_type=\"container\" data-e-type=\"container\">\n\t\t\t\t\t<div class=\"e-con-inner\">\n\t\t\t\t<div class=\"elementor-element elementor-element-3fe2962 elementor-widget elementor-widget-heading\" data-id=\"3fe2962\" data-element_type=\"widget\" data-e-type=\"widget\" data-widget_type=\"heading.default\">\n\t\t\t\t<div class=\"elementor-widget-container\">\n\t\t\t\t\t<h2 class=\"elementor-heading-title elementor-size-default\">S\u00edguenos en Redes Sociales<\/h2>\t\t\t\t<\/div>\n\t\t\t\t<\/div>\n\t\t\t\t<div class=\"elementor-element elementor-element-d475f77 elementor-widget elementor-widget-text-editor\" data-id=\"d475f77\" data-element_type=\"widget\" data-e-type=\"widget\" data-widget_type=\"text-editor.default\">\n\t\t\t\t<div class=\"elementor-widget-container\">\n\t\t\t\t\t\t\t\t\t<p>Para estar al tanto de nuestras actividades m\u00e1s recientes y ver m\u00e1s fotos de nuestros eventos, s\u00edguenos en nuestras redes sociales. Compartimos regularmente actualizaciones y momentos destacados que no querr\u00e1s perderte.<\/p>\t\t\t\t\t\t\t\t<\/div>\n\t\t\t\t<\/div>\n\t\t\t\t<div class=\"elementor-element elementor-element-10858f2 elementor-shape-rounded elementor-grid-0 e-grid-align-center elementor-widget elementor-widget-social-icons\" data-id=\"10858f2\" data-element_type=\"widget\" data-e-type=\"widget\" data-widget_type=\"social-icons.default\">\n\t\t\t\t<div class=\"elementor-widget-container\">\n\t\t\t\t\t\t\t<div class=\"elementor-social-icons-wrapper elementor-grid\">\n\t\t\t\t\t\t\t<span class=\"elementor-grid-item\">\n\t\t\t\t\t<a class=\"elementor-icon elementor-social-icon elementor-social-icon-instagram elementor-repeater-item-8c242e9\" href=\"https:\/\/www.instagram.com\/instituto_antares\/\" target=\"_blank\">\n\t\t\t\t\t\t<span class=\"elementor-screen-only\">Instagram<\/span>\n\t\t\t\t\t\t<svg aria-hidden=\"true\" class=\"e-font-icon-svg e-fab-instagram\" viewBox=\"0 0 448 512\" xmlns=\"http:\/\/www.w3.org\/2000\/svg\"><path d=\"M224.1 141c-63.6 0-114.9 51.3-114.9 114.9s51.3 114.9 114.9 114.9S339 319.5 339 255.9 287.7 141 224.1 141zm0 189.6c-41.1 0-74.7-33.5-74.7-74.7s33.5-74.7 74.7-74.7 74.7 33.5 74.7 74.7-33.6 74.7-74.7 74.7zm146.4-194.3c0 14.9-12 26.8-26.8 26.8-14.9 0-26.8-12-26.8-26.8s12-26.8 26.8-26.8 26.8 12 26.8 26.8zm76.1 27.2c-1.7-35.9-9.9-67.7-36.2-93.9-26.2-26.2-58-34.4-93.9-36.2-37-2.1-147.9-2.1-184.9 0-35.8 1.7-67.6 9.9-93.9 36.1s-34.4 58-36.2 93.9c-2.1 37-2.1 147.9 0 184.9 1.7 35.9 9.9 67.7 36.2 93.9s58 34.4 93.9 36.2c37 2.1 147.9 2.1 184.9 0 35.9-1.7 67.7-9.9 93.9-36.2 26.2-26.2 34.4-58 36.2-93.9 2.1-37 2.1-147.8 0-184.8zM398.8 388c-7.8 19.6-22.9 34.7-42.6 42.6-29.5 11.7-99.5 9-132.1 9s-102.7 2.6-132.1-9c-19.6-7.8-34.7-22.9-42.6-42.6-11.7-29.5-9-99.5-9-132.1s-2.6-102.7 9-132.1c7.8-19.6 22.9-34.7 42.6-42.6 29.5-11.7 99.5-9 132.1-9s102.7-2.6 132.1 9c19.6 7.8 34.7 22.9 42.6 42.6 11.7 29.5 9 99.5 9 132.1s2.7 102.7-9 132.1z\"><\/path><\/svg>\t\t\t\t\t<\/a>\n\t\t\t\t<\/span>\n\t\t\t\t\t<\/div>\n\t\t\t\t\t\t<\/div>\n\t\t\t\t<\/div>\n\t\t\t\t\t<\/div>\n\t\t\t\t<\/div>\n\t\t<div class=\"elementor-element elementor-element-80598c2 e-flex e-con-boxed e-con e-parent\" data-id=\"80598c2\" data-element_type=\"container\" data-e-type=\"container\">\n\t\t\t\t\t<div class=\"e-con-inner\">\n\t\t\t\t<div class=\"elementor-element elementor-element-9eee668 elementor-widget elementor-widget-shortcode\" data-id=\"9eee668\" data-element_type=\"widget\" data-e-type=\"widget\" data-widget_type=\"shortcode.default\">\n\t\t\t\t<div class=\"elementor-widget-container\">\n\t\t\t\t\t\t\t<div class=\"elementor-shortcode\"><\/div>\n\t\t\t\t\t\t<\/div>\n\t\t\t\t<\/div>\n\t\t\t\t\t<\/div>\n\t\t\t\t<\/div>\n\t\t\t\t<\/div>\n\t\t","protected":false},"excerpt":{"rendered":"<p>Galer\u00eda de fotos En Instituto Antares en Palma de Mallorca, creemos en la importancia de compartir y celebrar los momentos significativos que vivimos juntos. Nuestra galer\u00eda de fotos es un espacio dedicado a mostrar los eventos, talleres, y actividades que realizamos, ofreciendo una ventana abierta a nuestro mundo y al impacto positivo que buscamos generar [&hellip;]<\/p>\n","protected":false},"author":3,"featured_media":0,"parent":0,"menu_order":0,"comment_status":"closed","ping_status":"closed","template":"","meta":{"site-sidebar-layout":"no-sidebar","site-content-layout":"page-builder","ast-site-content-layout":"full-width-container","site-content-style":"unboxed","site-sidebar-style":"unboxed","ast-global-header-display":"","ast-banner-title-visibility":"","ast-main-header-display":"","ast-hfb-above-header-display":"","ast-hfb-below-header-display":"","ast-hfb-mobile-header-display":"","site-post-title":"disabled","ast-breadcrumbs-content":"","ast-featured-img":"disabled","footer-sml-layout":"","ast-disable-related-posts":"","theme-transparent-header-meta":"enabled","adv-header-id-meta":"","stick-header-meta":"","header-above-stick-meta":"","header-main-stick-meta":"","header-below-stick-meta":"","astra-migrate-meta-layouts":"set","ast-page-background-enabled":"default","ast-page-background-meta":{"desktop":{"background-color":"var(--ast-global-color-4)","background-image":"","background-repeat":"repeat","background-position":"center center","background-size":"auto","background-attachment":"scroll","background-type":"","background-media":"","overlay-type":"","overlay-color":"","overlay-opacity":"","overlay-gradient":""},"tablet":{"background-color":"","background-image":"","background-repeat":"repeat","background-position":"center center","background-size":"auto","background-attachment":"scroll","background-type":"","background-media":"","overlay-type":"","overlay-color":"","overlay-opacity":"","overlay-gradient":""},"mobile":{"background-color":"","background-image":"","background-repeat":"repeat","background-position":"center center","background-size":"auto","background-attachment":"scroll","background-type":"","background-media":"","overlay-type":"","overlay-color":"","overlay-opacity":"","overlay-gradient":""}},"ast-content-background-meta":{"desktop":{"background-color":"var(--ast-global-color-5)","background-image":"","background-repeat":"repeat","background-position":"center center","background-size":"auto","background-attachment":"scroll","background-type":"","background-media":"","overlay-type":"","overlay-color":"","overlay-opacity":"","overlay-gradient":""},"tablet":{"background-color":"var(--ast-global-color-5)","background-image":"","background-repeat":"repeat","background-position":"center center","background-size":"auto","background-attachment":"scroll","background-type":"","background-media":"","overlay-type":"","overlay-color":"","overlay-opacity":"","overlay-gradient":""},"mobile":{"background-color":"var(--ast-global-color-5)","background-image":"","background-repeat":"repeat","background-position":"center center","background-size":"auto","background-attachment":"scroll","background-type":"","background-media":"","overlay-type":"","overlay-color":"","overlay-opacity":"","overlay-gradient":""}},"footnotes":""},"class_list":["post-2696","page","type-page","status-publish","hentry"],"aioseo_notices":[],"_links":{"self":[{"href":"https:\/\/institutoantares.com\/wordpress\/wp-json\/wp\/v2\/pages\/2696","targetHints":{"allow":["GET"]}}],"collection":[{"href":"https:\/\/institutoantares.com\/wordpress\/wp-json\/wp\/v2\/pages"}],"about":[{"href":"https:\/\/institutoantares.com\/wordpress\/wp-json\/wp\/v2\/types\/page"}],"author":[{"embeddable":true,"href":"https:\/\/institutoantares.com\/wordpress\/wp-json\/wp\/v2\/users\/3"}],"replies":[{"embeddable":true,"href":"https:\/\/institutoantares.com\/wordpress\/wp-json\/wp\/v2\/comments?post=2696"}],"version-history":[{"count":20,"href":"https:\/\/institutoantares.com\/wordpress\/wp-json\/wp\/v2\/pages\/2696\/revisions"}],"predecessor-version":[{"id":3472,"href":"https:\/\/institutoantares.com\/wordpress\/wp-json\/wp\/v2\/pages\/2696\/revisions\/3472"}],"wp:attachment":[{"href":"https:\/\/institutoantares.com\/wordpress\/wp-json\/wp\/v2\/media?parent=2696"}],"curies":[{"name":"wp","href":"https:\/\/api.w.org\/{rel}","templated":true}]}}