{"id":2993,"date":"2024-07-28T19:31:38","date_gmt":"2024-07-28T17:31:38","guid":{"rendered":"https:\/\/institutoantares.com\/wordpress\/?page_id=2993"},"modified":"2024-08-08T16:47:18","modified_gmt":"2024-08-08T14:47:18","slug":"unsere-dienstleistungen","status":"publish","type":"page","link":"https:\/\/institutoantares.com\/wordpress\/de\/unsere-dienstleistungen\/","title":{"rendered":"Unsere Dienstleistungen"},"content":{"rendered":"\t\t<div data-elementor-type=\"wp-page\" data-elementor-id=\"2993\" class=\"elementor elementor-2993\">\n\t\t\t\t<div class=\"elementor-element elementor-element-9538047 e-flex e-con-boxed e-con e-parent\" data-id=\"9538047\" data-element_type=\"container\" data-e-type=\"container\">\n\t\t\t\t\t<div class=\"e-con-inner\">\n\t\t<div class=\"elementor-element elementor-element-b95689b e-flex e-con-boxed e-con e-child\" data-id=\"b95689b\" data-element_type=\"container\" data-e-type=\"container\">\n\t\t\t\t\t<div class=\"e-con-inner\">\n\t\t\t\t<div class=\"elementor-element elementor-element-b056c33 elementor-widget elementor-widget-heading\" data-id=\"b056c33\" data-element_type=\"widget\" data-e-type=\"widget\" data-widget_type=\"heading.default\">\n\t\t\t\t<div class=\"elementor-widget-container\">\n\t\t\t\t\t<h2 class=\"elementor-heading-title elementor-size-default\">Lernen Sie unsere Therapiemethoden kennen\n\n<\/h2>\t\t\t\t<\/div>\n\t\t\t\t<\/div>\n\t\t\t\t<div class=\"elementor-element elementor-element-4cb83e8 elementor-widget-divider--view-line elementor-widget elementor-widget-divider\" data-id=\"4cb83e8\" data-element_type=\"widget\" data-e-type=\"widget\" data-widget_type=\"divider.default\">\n\t\t\t\t<div class=\"elementor-widget-container\">\n\t\t\t\t\t\t\t<div class=\"elementor-divider\">\n\t\t\t<span class=\"elementor-divider-separator\">\n\t\t\t\t\t\t<\/span>\n\t\t<\/div>\n\t\t\t\t\t\t<\/div>\n\t\t\t\t<\/div>\n\t\t<div class=\"elementor-element elementor-element-3147d99 e-flex e-con-boxed e-con e-child\" data-id=\"3147d99\" data-element_type=\"container\" data-e-type=\"container\">\n\t\t\t\t\t<div class=\"e-con-inner\">\n\t\t<div class=\"elementor-element elementor-element-14f6b0d e-flex e-con-boxed e-con e-child\" data-id=\"14f6b0d\" data-element_type=\"container\" data-e-type=\"container\">\n\t\t\t\t\t<div class=\"e-con-inner\">\n\t\t\t\t<div class=\"elementor-element elementor-element-c4283bc elementor-widget elementor-widget-image\" data-id=\"c4283bc\" data-element_type=\"widget\" data-e-type=\"widget\" data-widget_type=\"image.default\">\n\t\t\t\t<div class=\"elementor-widget-container\">\n\t\t\t\t\t\t\t\t\t\t\t\t\t\t\t<img decoding=\"async\" src=\"https:\/\/institutoantares.com\/wordpress\/wp-content\/uploads\/2024\/08\/Inicio-Medicina-Psicosomatica-1.png\" title=\"\" alt=\"\" loading=\"lazy\" \/>\t\t\t\t\t\t\t\t\t\t\t\t\t\t\t<\/div>\n\t\t\t\t<\/div>\n\t\t\t\t<div class=\"elementor-element elementor-element-9300de8 elementor-widget elementor-widget-image-box\" data-id=\"9300de8\" data-element_type=\"widget\" data-e-type=\"widget\" data-widget_type=\"image-box.default\">\n\t\t\t\t<div class=\"elementor-widget-container\">\n\t\t\t\t\t<div class=\"elementor-image-box-wrapper\"><div class=\"elementor-image-box-content\"><h3 class=\"elementor-image-box-title\">Psychosomatische Medizin<\/h3><p class=\"elementor-image-box-description\">Wir verstehen die kraftvolle Verbindung zwischen Geist und K\u00f6rper. Wir arbeiten daran, die physischen Manifestationen emotionaler und mentaler Probleme zu identifizieren und zu behandeln, um eine ganzheitliche Gesundheit zu f\u00f6rdern.\n\n<\/p><\/div><\/div>\t\t\t\t<\/div>\n\t\t\t\t<\/div>\n\t\t\t\t<div class=\"elementor-element elementor-element-8ffb95b elementor-align-center elementor-widget elementor-widget-button\" data-id=\"8ffb95b\" data-element_type=\"widget\" data-e-type=\"widget\" data-widget_type=\"button.default\">\n\t\t\t\t<div class=\"elementor-widget-container\">\n\t\t\t\t\t\t\t\t\t<div class=\"elementor-button-wrapper\">\n\t\t\t\t\t<a class=\"elementor-button elementor-button-link elementor-size-sm\" href=\"https:\/\/institutoantares.com\/wordpress\/de\/psychosomatische-medizin\">\n\t\t\t\t\t\t<span class=\"elementor-button-content-wrapper\">\n\t\t\t\t\t\t\t\t\t<span class=\"elementor-button-text\">Mehr Informationen<\/span>\n\t\t\t\t\t<\/span>\n\t\t\t\t\t<\/a>\n\t\t\t\t<\/div>\n\t\t\t\t\t\t\t\t<\/div>\n\t\t\t\t<\/div>\n\t\t\t\t\t<\/div>\n\t\t\t\t<\/div>\n\t\t<div class=\"elementor-element elementor-element-bda58b4 e-flex e-con-boxed e-con e-child\" data-id=\"bda58b4\" data-element_type=\"container\" data-e-type=\"container\">\n\t\t\t\t\t<div class=\"e-con-inner\">\n\t\t\t\t<div class=\"elementor-element elementor-element-a6411f2 elementor-widget elementor-widget-image\" data-id=\"a6411f2\" data-element_type=\"widget\" data-e-type=\"widget\" data-widget_type=\"image.default\">\n\t\t\t\t<div class=\"elementor-widget-container\">\n\t\t\t\t\t\t\t\t\t\t\t\t\t\t\t<img fetchpriority=\"high\" decoding=\"async\" width=\"768\" height=\"603\" src=\"https:\/\/institutoantares.com\/wordpress\/wp-content\/uploads\/2024\/08\/Inicio-Constelaciones-familiares-1-768x603.png\" class=\"attachment-medium_large size-medium_large wp-image-3494\" alt=\"\" srcset=\"https:\/\/institutoantares.com\/wordpress\/wp-content\/uploads\/2024\/08\/Inicio-Constelaciones-familiares-1-768x603.png 768w, https:\/\/institutoantares.com\/wordpress\/wp-content\/uploads\/2024\/08\/Inicio-Constelaciones-familiares-1-300x236.png 300w, https:\/\/institutoantares.com\/wordpress\/wp-content\/uploads\/2024\/08\/Inicio-Constelaciones-familiares-1-1024x804.png 1024w, https:\/\/institutoantares.com\/wordpress\/wp-content\/uploads\/2024\/08\/Inicio-Constelaciones-familiares-1-1536x1207.png 1536w, https:\/\/institutoantares.com\/wordpress\/wp-content\/uploads\/2024\/08\/Inicio-Constelaciones-familiares-1-2048x1609.png 2048w\" sizes=\"(max-width: 768px) 100vw, 768px\" \/>\t\t\t\t\t\t\t\t\t\t\t\t\t\t\t<\/div>\n\t\t\t\t<\/div>\n\t\t\t\t<div class=\"elementor-element elementor-element-62f4c0f elementor-widget elementor-widget-image-box\" data-id=\"62f4c0f\" data-element_type=\"widget\" data-e-type=\"widget\" data-widget_type=\"image-box.default\">\n\t\t\t\t<div class=\"elementor-widget-container\">\n\t\t\t\t\t<div class=\"elementor-image-box-wrapper\"><div class=\"elementor-image-box-content\"><h3 class=\"elementor-image-box-title\">Familienaufstellungen<\/h3><p class=\"elementor-image-box-description\">Diese Therapiemethode enth\u00fcllt verborgene Dynamiken in famili\u00e4ren Beziehungen, die dein Leben beeinflussen k\u00f6nnten. Durch Familienaufstellungen identifizieren und l\u00f6sen wir Muster, die dein Wohlbefinden und Gl\u00fcck einschr\u00e4nken k\u00f6nnten.\n\n<\/p><\/div><\/div>\t\t\t\t<\/div>\n\t\t\t\t<\/div>\n\t\t\t\t<div class=\"elementor-element elementor-element-c41ec20 elementor-align-center elementor-widget elementor-widget-button\" data-id=\"c41ec20\" data-element_type=\"widget\" data-e-type=\"widget\" data-widget_type=\"button.default\">\n\t\t\t\t<div class=\"elementor-widget-container\">\n\t\t\t\t\t\t\t\t\t<div class=\"elementor-button-wrapper\">\n\t\t\t\t\t<a class=\"elementor-button elementor-button-link elementor-size-sm\" href=\"https:\/\/institutoantares.com\/wordpress\/de\/familienaufstellungen\">\n\t\t\t\t\t\t<span class=\"elementor-button-content-wrapper\">\n\t\t\t\t\t\t\t\t\t<span class=\"elementor-button-text\">Mehr Informationen<\/span>\n\t\t\t\t\t<\/span>\n\t\t\t\t\t<\/a>\n\t\t\t\t<\/div>\n\t\t\t\t\t\t\t\t<\/div>\n\t\t\t\t<\/div>\n\t\t\t\t\t<\/div>\n\t\t\t\t<\/div>\n\t\t<div class=\"elementor-element elementor-element-db5d42f e-flex e-con-boxed e-con e-child\" data-id=\"db5d42f\" data-element_type=\"container\" data-e-type=\"container\">\n\t\t\t\t\t<div class=\"e-con-inner\">\n\t\t\t\t<div class=\"elementor-element elementor-element-49e8d0a elementor-widget elementor-widget-image\" data-id=\"49e8d0a\" data-element_type=\"widget\" data-e-type=\"widget\" data-widget_type=\"image.default\">\n\t\t\t\t<div class=\"elementor-widget-container\">\n\t\t\t\t\t\t\t\t\t\t\t\t\t\t\t<img decoding=\"async\" width=\"768\" height=\"603\" src=\"https:\/\/institutoantares.com\/wordpress\/wp-content\/uploads\/2024\/08\/Inicio-Terapia-Gestalt-768x603.png\" class=\"attachment-medium_large size-medium_large wp-image-3400\" alt=\"\" srcset=\"https:\/\/institutoantares.com\/wordpress\/wp-content\/uploads\/2024\/08\/Inicio-Terapia-Gestalt-768x603.png 768w, https:\/\/institutoantares.com\/wordpress\/wp-content\/uploads\/2024\/08\/Inicio-Terapia-Gestalt-300x236.png 300w, https:\/\/institutoantares.com\/wordpress\/wp-content\/uploads\/2024\/08\/Inicio-Terapia-Gestalt-1024x805.png 1024w, https:\/\/institutoantares.com\/wordpress\/wp-content\/uploads\/2024\/08\/Inicio-Terapia-Gestalt-1536x1207.png 1536w, https:\/\/institutoantares.com\/wordpress\/wp-content\/uploads\/2024\/08\/Inicio-Terapia-Gestalt-2048x1609.png 2048w\" sizes=\"(max-width: 768px) 100vw, 768px\" \/>\t\t\t\t\t\t\t\t\t\t\t\t\t\t\t<\/div>\n\t\t\t\t<\/div>\n\t\t\t\t<div class=\"elementor-element elementor-element-84f78a2 elementor-widget elementor-widget-image-box\" data-id=\"84f78a2\" data-element_type=\"widget\" data-e-type=\"widget\" data-widget_type=\"image-box.default\">\n\t\t\t\t<div class=\"elementor-widget-container\">\n\t\t\t\t\t<div class=\"elementor-image-box-wrapper\"><div class=\"elementor-image-box-content\"><h3 class=\"elementor-image-box-title\">Gestalttherapie<\/h3><p class=\"elementor-image-box-description\">Wir helfen dir, im gegenw\u00e4rtigen Moment zu leben und ein gr\u00f6\u00dferes Bewusstsein f\u00fcr deine Gedanken, Emotionen und Verhaltensweisen zu entwickeln. Diese Therapie erm\u00f6glicht es dir, die Kontrolle \u00fcber dein Leben zu \u00fcbernehmen, deine Beziehungen zu verbessern und deine pers\u00f6nlichen Ziele zu erreichen.\n\n<\/p><\/div><\/div>\t\t\t\t<\/div>\n\t\t\t\t<\/div>\n\t\t\t\t<div class=\"elementor-element elementor-element-ef78084 elementor-align-center elementor-widget elementor-widget-button\" data-id=\"ef78084\" data-element_type=\"widget\" data-e-type=\"widget\" data-widget_type=\"button.default\">\n\t\t\t\t<div class=\"elementor-widget-container\">\n\t\t\t\t\t\t\t\t\t<div class=\"elementor-button-wrapper\">\n\t\t\t\t\t<a class=\"elementor-button elementor-button-link elementor-size-sm\" href=\"https:\/\/institutoantares.com\/wordpress\/de\/gestalt-therapie\/\">\n\t\t\t\t\t\t<span class=\"elementor-button-content-wrapper\">\n\t\t\t\t\t\t\t\t\t<span class=\"elementor-button-text\">Mehr Informationen<\/span>\n\t\t\t\t\t<\/span>\n\t\t\t\t\t<\/a>\n\t\t\t\t<\/div>\n\t\t\t\t\t\t\t\t<\/div>\n\t\t\t\t<\/div>\n\t\t\t\t\t<\/div>\n\t\t\t\t<\/div>\n\t\t\t\t\t<\/div>\n\t\t\t\t<\/div>\n\t\t\t\t\t<\/div>\n\t\t\t\t<\/div>\n\t\t\t\t\t<\/div>\n\t\t\t\t<\/div>\n\t\t<div class=\"elementor-element elementor-element-98bd818 e-flex e-con-boxed e-con e-parent\" data-id=\"98bd818\" data-element_type=\"container\" data-e-type=\"container\">\n\t\t\t\t\t<div class=\"e-con-inner\">\n\t\t\t\t<div class=\"elementor-element elementor-element-b316a26 elementor-widget elementor-widget-shortcode\" data-id=\"b316a26\" data-element_type=\"widget\" data-e-type=\"widget\" data-widget_type=\"shortcode.default\">\n\t\t\t\t<div class=\"elementor-widget-container\">\n\t\t\t\t\t\t\t<div class=\"elementor-shortcode\"><\/div>\n\t\t\t\t\t\t<\/div>\n\t\t\t\t<\/div>\n\t\t\t\t\t<\/div>\n\t\t\t\t<\/div>\n\t\t\t\t<\/div>\n\t\t","protected":false},"excerpt":{"rendered":"<p>Lernen Sie unsere Therapiemethoden kennen Psychosomatische Medizin Wir verstehen die kraftvolle Verbindung zwischen Geist und K\u00f6rper. Wir arbeiten daran, die physischen Manifestationen emotionaler und mentaler Probleme zu identifizieren und zu behandeln, um eine ganzheitliche Gesundheit zu f\u00f6rdern. Mehr Informationen Familienaufstellungen Diese Therapiemethode enth\u00fcllt verborgene Dynamiken in famili\u00e4ren Beziehungen, die dein Leben beeinflussen k\u00f6nnten. Durch Familienaufstellungen [&hellip;]<\/p>\n","protected":false},"author":1,"featured_media":0,"parent":0,"menu_order":0,"comment_status":"closed","ping_status":"closed","template":"","meta":{"site-sidebar-layout":"no-sidebar","site-content-layout":"page-builder","ast-site-content-layout":"full-width-container","site-content-style":"unboxed","site-sidebar-style":"unboxed","ast-global-header-display":"","ast-banner-title-visibility":"","ast-main-header-display":"","ast-hfb-above-header-display":"","ast-hfb-below-header-display":"","ast-hfb-mobile-header-display":"","site-post-title":"disabled","ast-breadcrumbs-content":"","ast-featured-img":"disabled","footer-sml-layout":"","ast-disable-related-posts":"","theme-transparent-header-meta":"","adv-header-id-meta":"","stick-header-meta":"","header-above-stick-meta":"","header-main-stick-meta":"","header-below-stick-meta":"","astra-migrate-meta-layouts":"set","ast-page-background-enabled":"default","ast-page-background-meta":{"desktop":{"background-color":"var(--ast-global-color-4)","background-image":"","background-repeat":"repeat","background-position":"center center","background-size":"auto","background-attachment":"scroll","background-type":"","background-media":"","overlay-type":"","overlay-color":"","overlay-opacity":"","overlay-gradient":""},"tablet":{"background-color":"","background-image":"","background-repeat":"repeat","background-position":"center center","background-size":"auto","background-attachment":"scroll","background-type":"","background-media":"","overlay-type":"","overlay-color":"","overlay-opacity":"","overlay-gradient":""},"mobile":{"background-color":"","background-image":"","background-repeat":"repeat","background-position":"center center","background-size":"auto","background-attachment":"scroll","background-type":"","background-media":"","overlay-type":"","overlay-color":"","overlay-opacity":"","overlay-gradient":""}},"ast-content-background-meta":{"desktop":{"background-color":"var(--ast-global-color-5)","background-image":"","background-repeat":"repeat","background-position":"center center","background-size":"auto","background-attachment":"scroll","background-type":"","background-media":"","overlay-type":"","overlay-color":"","overlay-opacity":"","overlay-gradient":""},"tablet":{"background-color":"var(--ast-global-color-5)","background-image":"","background-repeat":"repeat","background-position":"center center","background-size":"auto","background-attachment":"scroll","background-type":"","background-media":"","overlay-type":"","overlay-color":"","overlay-opacity":"","overlay-gradient":""},"mobile":{"background-color":"var(--ast-global-color-5)","background-image":"","background-repeat":"repeat","background-position":"center center","background-size":"auto","background-attachment":"scroll","background-type":"","background-media":"","overlay-type":"","overlay-color":"","overlay-opacity":"","overlay-gradient":""}},"footnotes":""},"class_list":["post-2993","page","type-page","status-publish","hentry"],"aioseo_notices":[],"_links":{"self":[{"href":"https:\/\/institutoantares.com\/wordpress\/wp-json\/wp\/v2\/pages\/2993","targetHints":{"allow":["GET"]}}],"collection":[{"href":"https:\/\/institutoantares.com\/wordpress\/wp-json\/wp\/v2\/pages"}],"about":[{"href":"https:\/\/institutoantares.com\/wordpress\/wp-json\/wp\/v2\/types\/page"}],"author":[{"embeddable":true,"href":"https:\/\/institutoantares.com\/wordpress\/wp-json\/wp\/v2\/users\/1"}],"replies":[{"embeddable":true,"href":"https:\/\/institutoantares.com\/wordpress\/wp-json\/wp\/v2\/comments?post=2993"}],"version-history":[{"count":17,"href":"https:\/\/institutoantares.com\/wordpress\/wp-json\/wp\/v2\/pages\/2993\/revisions"}],"predecessor-version":[{"id":3514,"href":"https:\/\/institutoantares.com\/wordpress\/wp-json\/wp\/v2\/pages\/2993\/revisions\/3514"}],"wp:attachment":[{"href":"https:\/\/institutoantares.com\/wordpress\/wp-json\/wp\/v2\/media?parent=2993"}],"curies":[{"name":"wp","href":"https:\/\/api.w.org\/{rel}","templated":true}]}}